{"id":908,"date":"2025-08-27T09:21:34","date_gmt":"2025-08-27T09:21:34","guid":{"rendered":"https:\/\/www.miller-advokati.cz\/?page_id=908"},"modified":"2025-09-01T08:15:55","modified_gmt":"2025-09-01T08:15:55","slug":"zasady-ochrany-osobnich-udaju","status":"publish","type":"page","link":"https:\/\/www.miller-advokati.cz\/en\/zasady-ochrany-osobnich-udaju\/","title":{"rendered":"Privacy Policy (GDPR)"},"content":{"rendered":"<div data-elementor-type=\"wp-page\" data-elementor-id=\"908\" class=\"elementor elementor-908\">\n\t\t\t\t<div class=\"elementor-element elementor-element-775295b0 gdpr e-flex e-con-boxed wpr-particle-no wpr-jarallax-no wpr-parallax-no wpr-sticky-section-no e-con e-parent\" data-id=\"775295b0\" data-element_type=\"container\">\n\t\t\t\t\t<div class=\"e-con-inner\">\n\t\t\t\t<div class=\"elementor-element elementor-element-6eecd67 elementor-widget__width-initial elementor-widget elementor-widget-heading\" data-id=\"6eecd67\" data-element_type=\"widget\" data-widget_type=\"heading.default\">\n\t\t\t\t<div class=\"elementor-widget-container\">\n\t\t\t\t\t<h1 class=\"elementor-heading-title elementor-size-default\">Privacy Policy (GDPR)<\/h1>\t\t\t\t<\/div>\n\t\t\t\t<\/div>\n\t\t\t\t<div class=\"elementor-element elementor-element-296a157 elementor-widget__width-initial elementor-widget elementor-widget-text-editor\" data-id=\"296a157\" data-element_type=\"widget\" data-widget_type=\"text-editor.default\">\n\t\t\t\t<div class=\"elementor-widget-container\">\n\t\t\t\t\t\t\t\t\t<p data-start=\"494\" data-end=\"527\"><strong data-start=\"494\" data-end=\"519\">Last update:<\/strong> 30. 8. 2025<\/p>\t\t\t\t\t\t\t\t<\/div>\n\t\t\t\t<\/div>\n\t\t\t\t<div class=\"elementor-element elementor-element-f15a7b6 elementor-widget__width-initial elementor-widget elementor-widget-heading\" data-id=\"f15a7b6\" data-element_type=\"widget\" data-widget_type=\"heading.default\">\n\t\t\t\t<div class=\"elementor-widget-container\">\n\t\t\t\t\t<h2 class=\"elementor-heading-title elementor-size-default\">1. Spr\u00e1vce osobn\u00edch \u00fadaj\u016f<\/h2>\t\t\t\t<\/div>\n\t\t\t\t<\/div>\n\t\t\t\t<div class=\"elementor-element elementor-element-a4ba105 elementor-widget__width-initial elementor-widget elementor-widget-text-editor\" data-id=\"a4ba105\" data-element_type=\"widget\" data-widget_type=\"text-editor.default\">\n\t\t\t\t<div class=\"elementor-widget-container\">\n\t\t\t\t\t\t\t\t\t<p>Spr\u00e1vcem osobn\u00edch \u00fadaj\u016f je:<\/p><p><strong data-start=\"604\" data-end=\"640\">miller &amp; miller advok\u00e1ti, s.r.o.<\/strong><\/p><p>ID: 09360859<\/p><p>S\u00eddlo: Pra\u017esk\u00e1 777, 252 64 Velk\u00e9 P\u0159\u00edlepy<\/p><p>Website: <a class=\"decorated-link cursor-pointer\" href=\"https:\/\/www.miller-advokati.cz\/en\/\" target=\"_new\" rel=\"noopener\" data-start=\"687\" data-end=\"717\">https:\/\/www.miller-advokati.cz<\/a><\/p><p>E-mail: <a href=\"mailto:petr@miller-advokati.cz\">petr@miller-advokati.cz<\/a><\/p>\t\t\t\t\t\t\t\t<\/div>\n\t\t\t\t<\/div>\n\t\t\t\t<div class=\"elementor-element elementor-element-3dfeb42 elementor-widget__width-initial elementor-widget elementor-widget-heading\" data-id=\"3dfeb42\" data-element_type=\"widget\" data-widget_type=\"heading.default\">\n\t\t\t\t<div class=\"elementor-widget-container\">\n\t\t\t\t\t<h2 class=\"elementor-heading-title elementor-size-default\">2. Rozsah zpracov\u00e1van\u00fdch \u00fadaj\u016f<\/h2>\t\t\t\t<\/div>\n\t\t\t\t<\/div>\n\t\t\t\t<div class=\"elementor-element elementor-element-8ba6bc2 elementor-widget__width-initial elementor-widget elementor-widget-text-editor\" data-id=\"8ba6bc2\" data-element_type=\"widget\" data-widget_type=\"text-editor.default\">\n\t\t\t\t<div class=\"elementor-widget-container\">\n\t\t\t\t\t\t\t\t\t<p data-start=\"647\" data-end=\"698\">Na tomto webu nejsou shroma\u017e\u010fov\u00e1ny \u017e\u00e1dn\u00e9 osobn\u00ed \u00fadaje prost\u0159ednictv\u00edm formul\u00e1\u0159\u016f, registrac\u00ed ani jin\u00fdch aktivn\u00edch prvk\u016f. Web zpracov\u00e1v\u00e1 pouze \u00fadaje z\u00edskan\u00e9 prost\u0159ednictv\u00edm soubor\u016f cookies.<\/p>\t\t\t\t\t\t\t\t<\/div>\n\t\t\t\t<\/div>\n\t\t\t\t<div class=\"elementor-element elementor-element-d02d947 elementor-widget__width-initial elementor-widget elementor-widget-heading\" data-id=\"d02d947\" data-element_type=\"widget\" data-widget_type=\"heading.default\">\n\t\t\t\t<div class=\"elementor-widget-container\">\n\t\t\t\t\t<h2 class=\"elementor-heading-title elementor-size-default\">3. Cookies<\/h2>\t\t\t\t<\/div>\n\t\t\t\t<\/div>\n\t\t\t\t<div class=\"elementor-element elementor-element-27eb005 elementor-widget__width-initial elementor-widget elementor-widget-text-editor\" data-id=\"27eb005\" data-element_type=\"widget\" data-widget_type=\"text-editor.default\">\n\t\t\t\t<div class=\"elementor-widget-container\">\n\t\t\t\t\t\t\t\t\t<p>Informace o tom, jak\u00e9 cookies pou\u017e\u00edv\u00e1me, k jak\u00fdm \u00fa\u010del\u016fm a jak je m\u016f\u017eete spravovat, naleznete v samostatn\u00e9m dokumentu <a class=\"decorated-link cursor-pointer\" href=\"https:\/\/www.miller-advokati.cz\/en\/zasady-cookies\/\" rel=\"noopener\" data-start=\"1092\" data-end=\"1125\">Cookie Policy<\/a>.<\/p>\t\t\t\t\t\t\t\t<\/div>\n\t\t\t\t<\/div>\n\t\t\t\t<div class=\"elementor-element elementor-element-95ded9a elementor-widget__width-initial elementor-widget elementor-widget-heading\" data-id=\"95ded9a\" data-element_type=\"widget\" data-widget_type=\"heading.default\">\n\t\t\t\t<div class=\"elementor-widget-container\">\n\t\t\t\t\t<h2 class=\"elementor-heading-title elementor-size-default\">4. P\u0159ed\u00e1v\u00e1n\u00ed osobn\u00edch \u00fadaj\u016f t\u0159et\u00edm stran\u00e1m<\/h2>\t\t\t\t<\/div>\n\t\t\t\t<\/div>\n\t\t\t\t<div class=\"elementor-element elementor-element-9e8db7c elementor-widget__width-initial elementor-widget elementor-widget-text-editor\" data-id=\"9e8db7c\" data-element_type=\"widget\" data-widget_type=\"text-editor.default\">\n\t\t\t\t<div class=\"elementor-widget-container\">\n\t\t\t\t\t\t\t\t\t<p data-start=\"1131\" data-end=\"1304\">Krom\u011b zpracov\u00e1n\u00ed \u00fadaj\u016f prost\u0159ednictv\u00edm soubor\u016f cookies (nap\u0159. Google Ads) nejsou \u017e\u00e1dn\u00e9 osobn\u00ed \u00fadaje p\u0159ed\u00e1v\u00e1ny t\u0159et\u00edm stran\u00e1m.<\/p>\t\t\t\t\t\t\t\t<\/div>\n\t\t\t\t<\/div>\n\t\t\t\t<div class=\"elementor-element elementor-element-ed83620 elementor-widget__width-initial elementor-widget elementor-widget-heading\" data-id=\"ed83620\" data-element_type=\"widget\" data-widget_type=\"heading.default\">\n\t\t\t\t<div class=\"elementor-widget-container\">\n\t\t\t\t\t<h2 class=\"elementor-heading-title elementor-size-default\">5. Transfers to third countries<\/h2>\t\t\t\t<\/div>\n\t\t\t\t<\/div>\n\t\t\t\t<div class=\"elementor-element elementor-element-ba0959f elementor-widget__width-initial elementor-widget elementor-widget-text-editor\" data-id=\"ba0959f\" data-element_type=\"widget\" data-widget_type=\"text-editor.default\">\n\t\t\t\t<div class=\"elementor-widget-container\">\n\t\t\t\t\t\t\t\t\t<p data-start=\"2118\" data-end=\"2284\">Some services (e.g., Google) may transfer data to countries outside the EU\/EEA, in particular to the US. These transfers are based on <strong data-start=\"2766\" data-end=\"2802\">Standard Contractual Clauses (SCC)<\/strong> and additional measures taken by providers. Statistical\/marketing tags are only activated after consent has been given.<\/p>\t\t\t\t\t\t\t\t<\/div>\n\t\t\t\t<\/div>\n\t\t\t\t<div class=\"elementor-element elementor-element-5f29bf7 elementor-widget__width-initial elementor-widget elementor-widget-heading\" data-id=\"5f29bf7\" data-element_type=\"widget\" data-widget_type=\"heading.default\">\n\t\t\t\t<div class=\"elementor-widget-container\">\n\t\t\t\t\t<h2 class=\"elementor-heading-title elementor-size-default\">6. Your rights<\/h2>\t\t\t\t<\/div>\n\t\t\t\t<\/div>\n\t\t\t\t<div class=\"elementor-element elementor-element-1683884 elementor-widget__width-initial elementor-widget elementor-widget-text-editor\" data-id=\"1683884\" data-element_type=\"widget\" data-widget_type=\"text-editor.default\">\n\t\t\t\t<div class=\"elementor-widget-container\">\n\t\t\t\t\t\t\t\t\t<p data-start=\"2930\" data-end=\"2943\"><span class=\"x3jgonx\">V souladu s na\u0159\u00edzen\u00edm GDPR m\u00e1te pr\u00e1vo:<\/span><\/p><ul><li data-start=\"1367\" data-end=\"1441\"><p data-start=\"1369\" data-end=\"1441\">po\u017eadovat p\u0159\u00edstup k osobn\u00edm \u00fadaj\u016fm, kter\u00e9 o v\u00e1s p\u0159\u00edpadn\u011b zpracov\u00e1v\u00e1me,<\/p><\/li><li data-start=\"1442\" data-end=\"1481\"><p data-start=\"1444\" data-end=\"1481\">po\u017eadovat jejich opravu nebo v\u00fdmaz,<\/p><\/li><li data-start=\"1482\" data-end=\"1504\"><p data-start=\"1484\" data-end=\"1504\">omezit zpracov\u00e1n\u00ed,<\/p><\/li><li data-start=\"1505\" data-end=\"1541\"><p data-start=\"1507\" data-end=\"1541\">vzn\u00e9st n\u00e1mitku proti zpracov\u00e1n\u00ed,<\/p><\/li><li data-start=\"1542\" data-end=\"1577\"><p data-start=\"1544\" data-end=\"1577\">po\u017eadovat p\u0159enositelnost \u00fadaj\u016f,<\/p><\/li><li data-start=\"1578\" data-end=\"1630\"><p data-start=\"1580\" data-end=\"1630\">podat st\u00ed\u017enost u \u00da\u0159adu pro ochranu osobn\u00edch \u00fadaj\u016f.<\/p><\/li><\/ul>\t\t\t\t\t\t\t\t<\/div>\n\t\t\t\t<\/div>\n\t\t\t\t<div class=\"elementor-element elementor-element-00b8be5 elementor-widget__width-initial elementor-widget elementor-widget-heading\" data-id=\"00b8be5\" data-element_type=\"widget\" data-widget_type=\"heading.default\">\n\t\t\t\t<div class=\"elementor-widget-container\">\n\t\t\t\t\t<h2 class=\"elementor-heading-title elementor-size-default\">7. Kontakty<\/h2>\t\t\t\t<\/div>\n\t\t\t\t<\/div>\n\t\t\t\t<div class=\"elementor-element elementor-element-c5d4a5f elementor-widget__width-initial elementor-widget elementor-widget-text-editor\" data-id=\"c5d4a5f\" data-element_type=\"widget\" data-widget_type=\"text-editor.default\">\n\t\t\t\t<div class=\"elementor-widget-container\">\n\t\t\t\t\t\t\t\t\t<p data-start=\"3699\" data-end=\"3783\">If you have any questions regarding personal data protection, please contact us at:<\/p><p data-start=\"3699\" data-end=\"3783\">E-mail: <a href=\"mailto:petr@miller-advokati.cz\">petr@miller-advokati.cz<\/a><\/p><p data-start=\"3699\" data-end=\"3783\">Telephone: <a href=\"tel:+420601352519\">+420 601 352 519<\/a><\/p><p data-start=\"3699\" data-end=\"3783\">Address: Pra\u017esk\u00e1 777, 252 64 Velk\u00e9 P\u0159\u00edlepy<\/p>\t\t\t\t\t\t\t\t<\/div>\n\t\t\t\t<\/div>\n\t\t\t\t\t<\/div>\n\t\t\t\t<\/div>\n\t\t<div class=\"elementor-element elementor-element-c404ead e-flex e-con-boxed wpr-particle-no wpr-jarallax-no wpr-parallax-no wpr-sticky-section-no e-con e-parent\" data-id=\"c404ead\" data-element_type=\"container\">\n\t\t\t\t\t<div class=\"e-con-inner\">\n\t\t\t\t<div class=\"elementor-element elementor-element-bb3d72d elementor-widget elementor-widget-html\" data-id=\"bb3d72d\" data-element_type=\"widget\" data-widget_type=\"html.default\">\n\t\t\t\t<div class=\"elementor-widget-container\">\n\t\t\t\t\t<script>\r\ndocument.addEventListener(\"DOMContentLoaded\", function () {\r\n  const header = document.querySelector(\".header\");\r\n\r\n  if (header) {\r\n    window.addEventListener(\"scroll\", function () {\r\n      if (window.scrollY > 10) {\r\n        header.classList.add(\"scrolled\");\r\n      } else {\r\n        header.classList.remove(\"scrolled\");\r\n      }\r\n    });\r\n  }\r\n});\r\n<\/script>\t\t\t\t<\/div>\n\t\t\t\t<\/div>\n\t\t\t\t\t<\/div>\n\t\t\t\t<\/div>\n\t\t\t\t<\/div>","protected":false},"excerpt":{"rendered":"<p>Z\u00e1sady ochrany osobn\u00edch \u00fadaj\u016f (GDPR) Posledn\u00ed aktualizace: 30. 8. 2025 1. Spr\u00e1vce osobn\u00edch \u00fadaj\u016f Spr\u00e1vcem osobn\u00edch \u00fadaj\u016f je: miller &amp; miller advok\u00e1ti, s.r.o. I\u010c: 09360859 S\u00eddlo: Pra\u017esk\u00e1 777, 252 64 Velk\u00e9 P\u0159\u00edlepy Web: https:\/\/www.miller-advokati.cz E-mail: petr@miller-advokati.cz 2. Rozsah zpracov\u00e1van\u00fdch \u00fadaj\u016f Na tomto webu nejsou shroma\u017e\u010fov\u00e1ny \u017e\u00e1dn\u00e9 osobn\u00ed \u00fadaje prost\u0159ednictv\u00edm formul\u00e1\u0159\u016f, registrac\u00ed ani jin\u00fdch aktivn\u00edch prvk\u016f. Web zpracov\u00e1v\u00e1 pouze \u00fadaje z\u00edskan\u00e9 prost\u0159ednictv\u00edm soubor\u016f cookies. 3. Cookies Informace o tom, jak\u00e9 cookies pou\u017e\u00edv\u00e1me, k jak\u00fdm \u00fa\u010del\u016fm a jak je m\u016f\u017eete spravovat, naleznete v samostatn\u00e9m dokumentu Z\u00e1sady cookies. 4. P\u0159ed\u00e1v\u00e1n\u00ed osobn\u00edch \u00fadaj\u016f t\u0159et\u00edm stran\u00e1m Krom\u011b zpracov\u00e1n\u00ed \u00fadaj\u016f prost\u0159ednictv\u00edm soubor\u016f cookies (nap\u0159. Google Ads) nejsou \u017e\u00e1dn\u00e9 osobn\u00ed \u00fadaje p\u0159ed\u00e1v\u00e1ny t\u0159et\u00edm stran\u00e1m. 5. P\u0159enosy do t\u0159et\u00edch zem\u00ed N\u011bkter\u00e9 slu\u017eby (nap\u0159. Google) mohou p\u0159en\u00e1\u0161et \u00fadaje do zem\u00ed mimo EU\/EHP, zejm\u00e9na do USA. Tyto p\u0159enosy se op\u00edraj\u00ed o standardn\u00ed smluvn\u00ed dolo\u017eky (SCC) a dopl\u0148kov\u00e1 opat\u0159en\u00ed poskytovatel\u016f. Statistick\u00e9\/marketingov\u00e9 tagy se spou\u0161t\u00ed pouze po ud\u011blen\u00ed souhlasu. 6. Va\u0161e pr\u00e1va V souladu s na\u0159\u00edzen\u00edm GDPR m\u00e1te pr\u00e1vo: po\u017eadovat p\u0159\u00edstup k osobn\u00edm \u00fadaj\u016fm, kter\u00e9 o v\u00e1s p\u0159\u00edpadn\u011b zpracov\u00e1v\u00e1me, po\u017eadovat jejich opravu nebo v\u00fdmaz, omezit zpracov\u00e1n\u00ed, vzn\u00e9st n\u00e1mitku proti zpracov\u00e1n\u00ed, po\u017eadovat p\u0159enositelnost \u00fadaj\u016f, podat st\u00ed\u017enost u \u00da\u0159adu pro ochranu osobn\u00edch \u00fadaj\u016f. 7. Kontakty S dotazy ohledn\u011b ochrany osobn\u00edch \u00fadaj\u016f n\u00e1s kontaktujte na: E-mail: petr@miller-advokati.cz Telefon: +420 601 352 519 Adresa: Pra\u017esk\u00e1 777, 252 64 Velk\u00e9 P\u0159\u00edlepy<\/p>","protected":false},"author":1,"featured_media":0,"parent":0,"menu_order":0,"comment_status":"closed","ping_status":"closed","template":"","meta":{"footnotes":""},"class_list":["post-908","page","type-page","status-publish","hentry"],"yoast_head":"<!-- This site is optimized with the Yoast SEO plugin v25.9 - https:\/\/yoast.com\/wordpress\/plugins\/seo\/ -->\n<title>Z\u00e1sady ochrany osobn\u00edch \u00fadaj\u016f (GDPR) - miller &amp; miller advok\u00e1ti<\/title>\n<meta name=\"robots\" content=\"noindex, follow\" \/>\n<meta property=\"og:locale\" content=\"en_GB\" \/>\n<meta property=\"og:type\" content=\"article\" \/>\n<meta property=\"og:title\" content=\"Z\u00e1sady ochrany osobn\u00edch \u00fadaj\u016f (GDPR) - miller &amp; miller advok\u00e1ti\" \/>\n<meta property=\"og:description\" content=\"Z\u00e1sady ochrany osobn\u00edch \u00fadaj\u016f (GDPR) Posledn\u00ed aktualizace: 30. 8. 2025 1. Spr\u00e1vce osobn\u00edch \u00fadaj\u016f Spr\u00e1vcem osobn\u00edch \u00fadaj\u016f je: miller &amp; miller advok\u00e1ti, s.r.o. I\u010c: 09360859 S\u00eddlo: Pra\u017esk\u00e1 777, 252 64 Velk\u00e9 P\u0159\u00edlepy Web: https:\/\/www.miller-advokati.cz E-mail: petr@miller-advokati.cz 2. Rozsah zpracov\u00e1van\u00fdch \u00fadaj\u016f Na tomto webu nejsou shroma\u017e\u010fov\u00e1ny \u017e\u00e1dn\u00e9 osobn\u00ed \u00fadaje prost\u0159ednictv\u00edm formul\u00e1\u0159\u016f, registrac\u00ed ani jin\u00fdch aktivn\u00edch prvk\u016f. Web zpracov\u00e1v\u00e1 pouze \u00fadaje z\u00edskan\u00e9 prost\u0159ednictv\u00edm soubor\u016f cookies. 3. Cookies Informace o tom, jak\u00e9 cookies pou\u017e\u00edv\u00e1me, k jak\u00fdm \u00fa\u010del\u016fm a jak je m\u016f\u017eete spravovat, naleznete v samostatn\u00e9m dokumentu Z\u00e1sady cookies. 4. P\u0159ed\u00e1v\u00e1n\u00ed osobn\u00edch \u00fadaj\u016f t\u0159et\u00edm stran\u00e1m Krom\u011b zpracov\u00e1n\u00ed \u00fadaj\u016f prost\u0159ednictv\u00edm soubor\u016f cookies (nap\u0159. Google Ads) nejsou \u017e\u00e1dn\u00e9 osobn\u00ed \u00fadaje p\u0159ed\u00e1v\u00e1ny t\u0159et\u00edm stran\u00e1m. 5. P\u0159enosy do t\u0159et\u00edch zem\u00ed N\u011bkter\u00e9 slu\u017eby (nap\u0159. Google) mohou p\u0159en\u00e1\u0161et \u00fadaje do zem\u00ed mimo EU\/EHP, zejm\u00e9na do USA. Tyto p\u0159enosy se op\u00edraj\u00ed o standardn\u00ed smluvn\u00ed dolo\u017eky (SCC) a dopl\u0148kov\u00e1 opat\u0159en\u00ed poskytovatel\u016f. Statistick\u00e9\/marketingov\u00e9 tagy se spou\u0161t\u00ed pouze po ud\u011blen\u00ed souhlasu. 6. Va\u0161e pr\u00e1va V souladu s na\u0159\u00edzen\u00edm GDPR m\u00e1te pr\u00e1vo: po\u017eadovat p\u0159\u00edstup k osobn\u00edm \u00fadaj\u016fm, kter\u00e9 o v\u00e1s p\u0159\u00edpadn\u011b zpracov\u00e1v\u00e1me, po\u017eadovat jejich opravu nebo v\u00fdmaz, omezit zpracov\u00e1n\u00ed, vzn\u00e9st n\u00e1mitku proti zpracov\u00e1n\u00ed, po\u017eadovat p\u0159enositelnost \u00fadaj\u016f, podat st\u00ed\u017enost u \u00da\u0159adu pro ochranu osobn\u00edch \u00fadaj\u016f. 7. Kontakty S dotazy ohledn\u011b ochrany osobn\u00edch \u00fadaj\u016f n\u00e1s kontaktujte na: E-mail: petr@miller-advokati.cz Telefon: +420 601 352 519 Adresa: Pra\u017esk\u00e1 777, 252 64 Velk\u00e9 P\u0159\u00edlepy\" \/>\n<meta property=\"og:url\" content=\"https:\/\/www.miller-advokati.cz\/en\/zasady-ochrany-osobnich-udaju\/\" \/>\n<meta property=\"og:site_name\" content=\"miller &amp; miller advok\u00e1ti\" \/>\n<meta property=\"article:modified_time\" content=\"2025-09-01T08:15:55+00:00\" \/>\n<meta name=\"twitter:card\" content=\"summary_large_image\" \/>\n<meta name=\"twitter:label1\" content=\"Estimated reading time\" \/>\n\t<meta name=\"twitter:data1\" content=\"2 minutes\" \/>\n<script type=\"application\/ld+json\" class=\"yoast-schema-graph\">{\"@context\":\"https:\/\/schema.org\",\"@graph\":[{\"@type\":\"WebPage\",\"@id\":\"https:\/\/www.miller-advokati.cz\/zasady-ochrany-osobnich-udaju\/\",\"url\":\"https:\/\/www.miller-advokati.cz\/zasady-ochrany-osobnich-udaju\/\",\"name\":\"Z\u00e1sady ochrany osobn\u00edch \u00fadaj\u016f (GDPR) - miller &amp; miller advok\u00e1ti\",\"isPartOf\":{\"@id\":\"https:\/\/www.miller-advokati.cz\/#website\"},\"datePublished\":\"2025-08-27T09:21:34+00:00\",\"dateModified\":\"2025-09-01T08:15:55+00:00\",\"breadcrumb\":{\"@id\":\"https:\/\/www.miller-advokati.cz\/zasady-ochrany-osobnich-udaju\/#breadcrumb\"},\"inLanguage\":\"en-GB\",\"potentialAction\":[{\"@type\":\"ReadAction\",\"target\":[\"https:\/\/www.miller-advokati.cz\/zasady-ochrany-osobnich-udaju\/\"]}]},{\"@type\":\"BreadcrumbList\",\"@id\":\"https:\/\/www.miller-advokati.cz\/zasady-ochrany-osobnich-udaju\/#breadcrumb\",\"itemListElement\":[{\"@type\":\"ListItem\",\"position\":1,\"name\":\"Dom\u016f\",\"item\":\"https:\/\/www.miller-advokati.cz\/\"},{\"@type\":\"ListItem\",\"position\":2,\"name\":\"Z\u00e1sady ochrany osobn\u00edch \u00fadaj\u016f (GDPR)\"}]},{\"@type\":\"WebSite\",\"@id\":\"https:\/\/www.miller-advokati.cz\/#website\",\"url\":\"https:\/\/www.miller-advokati.cz\/\",\"name\":\"miller & miller advok\u00e1ti\",\"description\":\"Advok\u00e1tn\u00ed kancel\u00e1\u0159\",\"publisher\":{\"@id\":\"https:\/\/www.miller-advokati.cz\/#organization\"},\"potentialAction\":[{\"@type\":\"SearchAction\",\"target\":{\"@type\":\"EntryPoint\",\"urlTemplate\":\"https:\/\/www.miller-advokati.cz\/?s={search_term_string}\"},\"query-input\":{\"@type\":\"PropertyValueSpecification\",\"valueRequired\":true,\"valueName\":\"search_term_string\"}}],\"inLanguage\":\"en-GB\"},{\"@type\":\"Organization\",\"@id\":\"https:\/\/www.miller-advokati.cz\/#organization\",\"name\":\"miller & miller advok\u00e1ti, s.r.o.\",\"url\":\"https:\/\/www.miller-advokati.cz\/\",\"logo\":{\"@type\":\"ImageObject\",\"inLanguage\":\"en-GB\",\"@id\":\"https:\/\/www.miller-advokati.cz\/#\/schema\/logo\/image\/\",\"url\":\"https:\/\/www.miller-advokati.cz\/wp-content\/uploads\/2025\/05\/miller-miller-advokati-logo-cerne.png\",\"contentUrl\":\"https:\/\/www.miller-advokati.cz\/wp-content\/uploads\/2025\/05\/miller-miller-advokati-logo-cerne.png\",\"width\":350,\"height\":38,\"caption\":\"miller & miller advok\u00e1ti, s.r.o.\"},\"image\":{\"@id\":\"https:\/\/www.miller-advokati.cz\/#\/schema\/logo\/image\/\"}}]}<\/script>\n<!-- \/ Yoast SEO plugin. -->","yoast_head_json":{"title":"Z\u00e1sady ochrany osobn\u00edch \u00fadaj\u016f (GDPR) - miller &amp; miller advok\u00e1ti","robots":{"index":"noindex","follow":"follow"},"og_locale":"en_GB","og_type":"article","og_title":"Z\u00e1sady ochrany osobn\u00edch \u00fadaj\u016f (GDPR) - miller &amp; miller advok\u00e1ti","og_description":"Z\u00e1sady ochrany osobn\u00edch \u00fadaj\u016f (GDPR) Posledn\u00ed aktualizace: 30. 8. 2025 1. Spr\u00e1vce osobn\u00edch \u00fadaj\u016f Spr\u00e1vcem osobn\u00edch \u00fadaj\u016f je: miller &amp; miller advok\u00e1ti, s.r.o. I\u010c: 09360859 S\u00eddlo: Pra\u017esk\u00e1 777, 252 64 Velk\u00e9 P\u0159\u00edlepy Web: https:\/\/www.miller-advokati.cz E-mail: petr@miller-advokati.cz 2. Rozsah zpracov\u00e1van\u00fdch \u00fadaj\u016f Na tomto webu nejsou shroma\u017e\u010fov\u00e1ny \u017e\u00e1dn\u00e9 osobn\u00ed \u00fadaje prost\u0159ednictv\u00edm formul\u00e1\u0159\u016f, registrac\u00ed ani jin\u00fdch aktivn\u00edch prvk\u016f. Web zpracov\u00e1v\u00e1 pouze \u00fadaje z\u00edskan\u00e9 prost\u0159ednictv\u00edm soubor\u016f cookies. 3. Cookies Informace o tom, jak\u00e9 cookies pou\u017e\u00edv\u00e1me, k jak\u00fdm \u00fa\u010del\u016fm a jak je m\u016f\u017eete spravovat, naleznete v samostatn\u00e9m dokumentu Z\u00e1sady cookies. 4. P\u0159ed\u00e1v\u00e1n\u00ed osobn\u00edch \u00fadaj\u016f t\u0159et\u00edm stran\u00e1m Krom\u011b zpracov\u00e1n\u00ed \u00fadaj\u016f prost\u0159ednictv\u00edm soubor\u016f cookies (nap\u0159. Google Ads) nejsou \u017e\u00e1dn\u00e9 osobn\u00ed \u00fadaje p\u0159ed\u00e1v\u00e1ny t\u0159et\u00edm stran\u00e1m. 5. P\u0159enosy do t\u0159et\u00edch zem\u00ed N\u011bkter\u00e9 slu\u017eby (nap\u0159. Google) mohou p\u0159en\u00e1\u0161et \u00fadaje do zem\u00ed mimo EU\/EHP, zejm\u00e9na do USA. Tyto p\u0159enosy se op\u00edraj\u00ed o standardn\u00ed smluvn\u00ed dolo\u017eky (SCC) a dopl\u0148kov\u00e1 opat\u0159en\u00ed poskytovatel\u016f. Statistick\u00e9\/marketingov\u00e9 tagy se spou\u0161t\u00ed pouze po ud\u011blen\u00ed souhlasu. 6. Va\u0161e pr\u00e1va V souladu s na\u0159\u00edzen\u00edm GDPR m\u00e1te pr\u00e1vo: po\u017eadovat p\u0159\u00edstup k osobn\u00edm \u00fadaj\u016fm, kter\u00e9 o v\u00e1s p\u0159\u00edpadn\u011b zpracov\u00e1v\u00e1me, po\u017eadovat jejich opravu nebo v\u00fdmaz, omezit zpracov\u00e1n\u00ed, vzn\u00e9st n\u00e1mitku proti zpracov\u00e1n\u00ed, po\u017eadovat p\u0159enositelnost \u00fadaj\u016f, podat st\u00ed\u017enost u \u00da\u0159adu pro ochranu osobn\u00edch \u00fadaj\u016f. 7. Kontakty S dotazy ohledn\u011b ochrany osobn\u00edch \u00fadaj\u016f n\u00e1s kontaktujte na: E-mail: petr@miller-advokati.cz Telefon: +420 601 352 519 Adresa: Pra\u017esk\u00e1 777, 252 64 Velk\u00e9 P\u0159\u00edlepy","og_url":"https:\/\/www.miller-advokati.cz\/en\/zasady-ochrany-osobnich-udaju\/","og_site_name":"miller &amp; miller advok\u00e1ti","article_modified_time":"2025-09-01T08:15:55+00:00","twitter_card":"summary_large_image","twitter_misc":{"Estimated reading time":"2 minutes"},"schema":{"@context":"https:\/\/schema.org","@graph":[{"@type":"WebPage","@id":"https:\/\/www.miller-advokati.cz\/zasady-ochrany-osobnich-udaju\/","url":"https:\/\/www.miller-advokati.cz\/zasady-ochrany-osobnich-udaju\/","name":"Z\u00e1sady ochrany osobn\u00edch \u00fadaj\u016f (GDPR) - miller &amp; miller advok\u00e1ti","isPartOf":{"@id":"https:\/\/www.miller-advokati.cz\/#website"},"datePublished":"2025-08-27T09:21:34+00:00","dateModified":"2025-09-01T08:15:55+00:00","breadcrumb":{"@id":"https:\/\/www.miller-advokati.cz\/zasady-ochrany-osobnich-udaju\/#breadcrumb"},"inLanguage":"en-GB","potentialAction":[{"@type":"ReadAction","target":["https:\/\/www.miller-advokati.cz\/zasady-ochrany-osobnich-udaju\/"]}]},{"@type":"BreadcrumbList","@id":"https:\/\/www.miller-advokati.cz\/zasady-ochrany-osobnich-udaju\/#breadcrumb","itemListElement":[{"@type":"ListItem","position":1,"name":"Dom\u016f","item":"https:\/\/www.miller-advokati.cz\/"},{"@type":"ListItem","position":2,"name":"Z\u00e1sady ochrany osobn\u00edch \u00fadaj\u016f (GDPR)"}]},{"@type":"WebSite","@id":"https:\/\/www.miller-advokati.cz\/#website","url":"https:\/\/www.miller-advokati.cz\/","name":"miller & miller advok\u00e1ti","description":"Advok\u00e1tn\u00ed kancel\u00e1\u0159","publisher":{"@id":"https:\/\/www.miller-advokati.cz\/#organization"},"potentialAction":[{"@type":"SearchAction","target":{"@type":"EntryPoint","urlTemplate":"https:\/\/www.miller-advokati.cz\/?s={search_term_string}"},"query-input":{"@type":"PropertyValueSpecification","valueRequired":true,"valueName":"search_term_string"}}],"inLanguage":"en-GB"},{"@type":"Organization","@id":"https:\/\/www.miller-advokati.cz\/#organization","name":"miller & miller advok\u00e1ti, s.r.o.","url":"https:\/\/www.miller-advokati.cz\/","logo":{"@type":"ImageObject","inLanguage":"en-GB","@id":"https:\/\/www.miller-advokati.cz\/#\/schema\/logo\/image\/","url":"https:\/\/www.miller-advokati.cz\/wp-content\/uploads\/2025\/05\/miller-miller-advokati-logo-cerne.png","contentUrl":"https:\/\/www.miller-advokati.cz\/wp-content\/uploads\/2025\/05\/miller-miller-advokati-logo-cerne.png","width":350,"height":38,"caption":"miller & miller advok\u00e1ti, s.r.o."},"image":{"@id":"https:\/\/www.miller-advokati.cz\/#\/schema\/logo\/image\/"}}]}},"_links":{"self":[{"href":"https:\/\/www.miller-advokati.cz\/en\/wp-json\/wp\/v2\/pages\/908","targetHints":{"allow":["GET"]}}],"collection":[{"href":"https:\/\/www.miller-advokati.cz\/en\/wp-json\/wp\/v2\/pages"}],"about":[{"href":"https:\/\/www.miller-advokati.cz\/en\/wp-json\/wp\/v2\/types\/page"}],"author":[{"embeddable":true,"href":"https:\/\/www.miller-advokati.cz\/en\/wp-json\/wp\/v2\/users\/1"}],"replies":[{"embeddable":true,"href":"https:\/\/www.miller-advokati.cz\/en\/wp-json\/wp\/v2\/comments?post=908"}],"version-history":[{"count":31,"href":"https:\/\/www.miller-advokati.cz\/en\/wp-json\/wp\/v2\/pages\/908\/revisions"}],"predecessor-version":[{"id":942,"href":"https:\/\/www.miller-advokati.cz\/en\/wp-json\/wp\/v2\/pages\/908\/revisions\/942"}],"wp:attachment":[{"href":"https:\/\/www.miller-advokati.cz\/en\/wp-json\/wp\/v2\/media?parent=908"}],"curies":[{"name":"wp","href":"https:\/\/api.w.org\/{rel}","templated":true}]}}